{"id":22,"date":"2020-07-10T15:19:38","date_gmt":"2020-07-10T15:19:38","guid":{"rendered":"http:\/\/paciodosil.infortecnica.net\/?page_id=22"},"modified":"2020-07-13T18:21:02","modified_gmt":"2020-07-13T17:21:02","slug":"actividades","status":"publish","type":"page","link":"https:\/\/paciodosil.es\/en\/actividades\/","title":{"rendered":"Activities"},"content":{"rendered":"<h2 class=\"has-vivid-cyan-blue-color has-text-color wp-block-heading\">Hiking and routes<\/h2>\n\n\n\n<div class=\"wp-block-media-text alignwide has-media-on-the-right is-stacked-on-mobile is-image-fill\"><figure class=\"wp-block-media-text__media\" style=\"background-image:url(http:\/\/paciodosil.es\/wp-content\/uploads\/2020\/07\/ActSenderismo.png);background-position:50% 50%\"><img loading=\"lazy\" decoding=\"async\" width=\"716\" height=\"398\" src=\"http:\/\/paciodosil.es\/wp-content\/uploads\/2020\/07\/ActSenderismo.png\" alt=\"\" class=\"wp-image-70\" srcset=\"https:\/\/paciodosil.es\/wp-content\/uploads\/2020\/07\/ActSenderismo.png 716w, https:\/\/paciodosil.es\/wp-content\/uploads\/2020\/07\/ActSenderismo-300x167.png 300w\" sizes=\"auto, (max-width: 716px) 100vw, 716px\" \/><\/figure><div class=\"wp-block-media-text__content\">\n<p>Several&nbsp;<strong>routes<\/strong>&nbsp;and some approved with a guide Alastra Natural Park<\/p>\n\n\n\n<p><strong>Routes<\/strong>&nbsp;of Roman ovens<\/p>\n<\/div><\/div>\n\n\n\n<hr class=\"wp-block-separator\"\/>\n\n\n\n<h2 class=\"has-vivid-cyan-blue-color has-text-color wp-block-heading\">River activities<\/h2>\n\n\n\n<div class=\"wp-block-media-text alignwide is-stacked-on-mobile is-image-fill\"><figure class=\"wp-block-media-text__media\" style=\"background-image:url(http:\/\/paciodosil.es\/wp-content\/uploads\/2020\/07\/ActCanoa.png);background-position:50% 50%\"><img loading=\"lazy\" decoding=\"async\" width=\"729\" height=\"478\" src=\"http:\/\/paciodosil.es\/wp-content\/uploads\/2020\/07\/ActCanoa.png\" alt=\"\" class=\"wp-image-64\" srcset=\"https:\/\/paciodosil.es\/wp-content\/uploads\/2020\/07\/ActCanoa.png 729w, https:\/\/paciodosil.es\/wp-content\/uploads\/2020\/07\/ActCanoa-300x197.png 300w\" sizes=\"auto, (max-width: 729px) 100vw, 729px\" \/><\/figure><div class=\"wp-block-media-text__content\">\n<p><strong>Canoe Descent<\/strong>&nbsp;Sil River<\/p>\n\n\n\n<p><strong>Catamar\u00e1n<\/strong>&nbsp;\u201cPrada\u201d reservoir 12 km long<\/p>\n\n\n\n<p><strong>Beach<\/strong>&nbsp;River<\/p>\n\n\n\n<p><strong>Fishing<\/strong>&nbsp;River<\/p>\n<\/div><\/div>\n\n\n\n<hr class=\"wp-block-separator\"\/>\n\n\n\n<h2 class=\"has-vivid-cyan-blue-color has-text-color wp-block-heading\">Celebrations<\/h2>\n\n\n\n<div class=\"wp-block-media-text alignwide has-media-on-the-right is-stacked-on-mobile is-image-fill\"><figure class=\"wp-block-media-text__media\" style=\"background-image:url(http:\/\/paciodosil.es\/wp-content\/uploads\/2020\/07\/ActFiestas.png);background-position:50% 50%\"><img loading=\"lazy\" decoding=\"async\" width=\"645\" height=\"430\" src=\"http:\/\/paciodosil.es\/wp-content\/uploads\/2020\/07\/ActFiestas.png\" alt=\"\" class=\"wp-image-66\" srcset=\"https:\/\/paciodosil.es\/wp-content\/uploads\/2020\/07\/ActFiestas.png 645w, https:\/\/paciodosil.es\/wp-content\/uploads\/2020\/07\/ActFiestas-300x200.png 300w\" sizes=\"auto, (max-width: 645px) 100vw, 645px\" \/><\/figure><div class=\"wp-block-media-text__content\">\n<p>First Saturday in August \u00bb&nbsp;<strong>cave route<\/strong>\u00bb (Villamart\u00edn, visit to 35 caves)<\/p>\n\n\n\n<p>May 30th<strong>cherry festival<\/strong>(San Clodio)<\/p>\n<\/div><\/div>\n\n\n\n<hr class=\"wp-block-separator\"\/>\n\n\n\n<h2 class=\"has-vivid-cyan-blue-color has-text-color wp-block-heading\">Sports<\/h2>\n\n\n\n<div class=\"wp-block-media-text alignwide is-stacked-on-mobile is-image-fill\"><figure class=\"wp-block-media-text__media\" style=\"background-image:url(http:\/\/paciodosil.es\/wp-content\/uploads\/2020\/07\/ActCiclismo.png);background-position:50% 50%\"><img loading=\"lazy\" decoding=\"async\" width=\"723\" height=\"338\" src=\"http:\/\/paciodosil.es\/wp-content\/uploads\/2020\/07\/ActCiclismo.png\" alt=\"\" class=\"wp-image-68\" srcset=\"https:\/\/paciodosil.es\/wp-content\/uploads\/2020\/07\/ActCiclismo.png 723w, https:\/\/paciodosil.es\/wp-content\/uploads\/2020\/07\/ActCiclismo-300x140.png 300w\" sizes=\"auto, (max-width: 723px) 100vw, 723px\" \/><\/figure><div class=\"wp-block-media-text__content\">\n<p>ski slopes&nbsp;<strong>esqu\u00ed<\/strong>&nbsp;42 km from Manzaneda Station<\/p>\n\n\n\n<p><strong>Bicycle<\/strong>&nbsp;mountain<\/p>\n<\/div><\/div>\n\n\n\n<hr class=\"wp-block-separator\"\/>\n\n\n\n<h2 class=\"has-vivid-cyan-blue-color has-text-color wp-block-heading\">training<\/h2>\n\n\n\n<div class=\"wp-block-media-text alignwide has-media-on-the-right is-stacked-on-mobile is-image-fill\"><figure class=\"wp-block-media-text__media\" style=\"background-image:url(http:\/\/paciodosil.es\/wp-content\/uploads\/2020\/07\/AtApicultura.png);background-position:50% 50%\"><img loading=\"lazy\" decoding=\"async\" width=\"723\" height=\"404\" src=\"http:\/\/paciodosil.es\/wp-content\/uploads\/2020\/07\/AtApicultura.png\" alt=\"\" class=\"wp-image-69\" srcset=\"https:\/\/paciodosil.es\/wp-content\/uploads\/2020\/07\/AtApicultura.png 723w, https:\/\/paciodosil.es\/wp-content\/uploads\/2020\/07\/AtApicultura-300x168.png 300w\" sizes=\"auto, (max-width: 723px) 100vw, 723px\" \/><\/figure><div class=\"wp-block-media-text__content\">\n<p>training&nbsp;<strong>beekeeping<\/strong>&nbsp;with a visit to beehives<\/p>\n\n\n\n<p>Training&nbsp;<strong>cepas<\/strong>&nbsp;winemaking&nbsp;<strong>wine<\/strong>&nbsp;Adjusted to Season.<\/p>\n<\/div><\/div>","protected":false},"excerpt":{"rendered":"<p>Senderismo y rutas Varias&nbsp;rutas&nbsp;y algunas homologadas con gu\u00eda Parque natural de Alastra Ruta&nbsp;de hornos romanos Actividades fluviales Descenso Canoas&nbsp;r\u00edo Sil Catamar\u00e1n&nbsp;embalse de \u201c Prada \u201c 12 Km de recorrido Playa&nbsp;Fluvial Pesca&nbsp;Fluvial Fiestas Primer s\u00e1bado de agosto \u00bb&nbsp;ruta de las cuevas\u00bb (villamart\u00edn, visita a 35 cuevas) 30 de mayo \u00abfiesta de la cereza\u00bb (San Clodio) Deportes &hellip; <\/p>\n<p class=\"link-more\"><a href=\"https:\/\/paciodosil.es\/en\/actividades\/\" class=\"more-link\">Continue reading<span class=\"screen-reader-text\"> \u00abActividades\u00bb<\/span><\/a><\/p>","protected":false},"author":1,"featured_media":42,"parent":0,"menu_order":0,"comment_status":"closed","ping_status":"closed","template":"","meta":{"footnotes":""},"class_list":["post-22","page","type-page","status-publish","has-post-thumbnail","hentry"],"_links":{"self":[{"href":"https:\/\/paciodosil.es\/en\/wp-json\/wp\/v2\/pages\/22","targetHints":{"allow":["GET"]}}],"collection":[{"href":"https:\/\/paciodosil.es\/en\/wp-json\/wp\/v2\/pages"}],"about":[{"href":"https:\/\/paciodosil.es\/en\/wp-json\/wp\/v2\/types\/page"}],"author":[{"embeddable":true,"href":"https:\/\/paciodosil.es\/en\/wp-json\/wp\/v2\/users\/1"}],"replies":[{"embeddable":true,"href":"https:\/\/paciodosil.es\/en\/wp-json\/wp\/v2\/comments?post=22"}],"version-history":[{"count":8,"href":"https:\/\/paciodosil.es\/en\/wp-json\/wp\/v2\/pages\/22\/revisions"}],"predecessor-version":[{"id":149,"href":"https:\/\/paciodosil.es\/en\/wp-json\/wp\/v2\/pages\/22\/revisions\/149"}],"wp:featuredmedia":[{"embeddable":true,"href":"https:\/\/paciodosil.es\/en\/wp-json\/wp\/v2\/media\/42"}],"wp:attachment":[{"href":"https:\/\/paciodosil.es\/en\/wp-json\/wp\/v2\/media?parent=22"}],"curies":[{"name":"wp","href":"https:\/\/api.w.org\/{rel}","templated":true}]}}